{"id":1040,"date":"2024-02-26T17:26:56","date_gmt":"2024-02-26T17:26:56","guid":{"rendered":"https:\/\/ecole-stjoseph-stpons.fr\/?page_id=1040"},"modified":"2026-03-30T17:01:05","modified_gmt":"2026-03-30T17:01:05","slug":"nos-outils-pedagogique","status":"publish","type":"page","link":"https:\/\/ecole-stjoseph-stpons.fr\/?page_id=1040","title":{"rendered":"Projet \u00e9ducatif"},"content":{"rendered":"\n<figure class=\"wp-block-image size-large\"><img loading=\"lazy\" decoding=\"async\" width=\"1024\" height=\"360\" src=\"https:\/\/ecole-stjoseph-stpons.fr\/wp-content\/uploads\/2024\/09\/projet-educatif-1024x360.png\" alt=\"\" class=\"wp-image-1285\" srcset=\"https:\/\/ecole-stjoseph-stpons.fr\/wp-content\/uploads\/2024\/09\/projet-educatif-1024x360.png 1024w, https:\/\/ecole-stjoseph-stpons.fr\/wp-content\/uploads\/2024\/09\/projet-educatif-300x106.png 300w, https:\/\/ecole-stjoseph-stpons.fr\/wp-content\/uploads\/2024\/09\/projet-educatif-768x270.png 768w, https:\/\/ecole-stjoseph-stpons.fr\/wp-content\/uploads\/2024\/09\/projet-educatif-1536x540.png 1536w, https:\/\/ecole-stjoseph-stpons.fr\/wp-content\/uploads\/2024\/09\/projet-educatif-2048x720.png 2048w\" sizes=\"auto, (max-width: 1024px) 100vw, 1024px\" \/><\/figure>\n\n\n\n<p><\/p>\n\n\n\n<p class=\"has-text-align-center\">L\u2019\u00e9cole Saint-Joseph propose de construire un cadre de vie et d\u2019apprentissage \u00e0 la fois<br>rigoureux et bienveillant bas\u00e9 sur l\u2019exp\u00e9rience du vivre ensemble.<\/p>\n\n\n\n<p class=\"has-text-align-center\"><br><strong>Son projet \u00e9ducatif<\/strong> repose sur un cadre<strong> <mark style=\"background-color:rgba(0, 0, 0, 0)\" class=\"has-inline-color has-vivid-red-color\">\u00e9thique<\/mark><\/strong>, <mark style=\"background-color:rgba(0, 0, 0, 0)\" class=\"has-inline-color has-vivid-green-cyan-color\"><strong>th\u00e9orique<\/strong><\/mark> et <mark style=\"background-color:rgba(0, 0, 0, 0)\" class=\"has-inline-color has-vivid-purple-color\"><strong>pratique<\/strong><\/mark> au travers d\u2019une<br><mark style=\"background-color:rgba(0, 0, 0, 0)\" class=\"has-inline-color has-luminous-vivid-amber-color\"><strong>p\u00e9dagogie traditionnelle et active<\/strong><\/mark>. <br><em>Il vise \u00e0 accompagner chaque enfant \u00e0 toutes les \u00e9tapes de son enfance dans son parcours scolaire, son \u00e9panouissement et son int\u00e9gration sociale.<\/em><strong><br><\/strong><br><br><\/p>\n\n\n\n<p><mark style=\"background-color:rgba(0, 0, 0, 0)\" class=\"has-inline-color has-vivid-red-color\"><strong>Un cadre \u00e9thique\u00a0:<\/strong><br><\/mark><mark style=\"background-color:rgba(0, 0, 0, 0)\" class=\"has-inline-color has-black-color\">Le respect des diff\u00e9rences \/ un regard bienveillant et exigeant \/ un encadrement s\u00e9curisant. <\/mark><\/p>\n\n\n\n<p><strong><mark style=\"background-color:rgba(0, 0, 0, 0)\" class=\"has-inline-color has-vivid-green-cyan-color\">Un cadre th\u00e9orique\u00a0:<\/mark><\/strong><br>Respect des programmes minist\u00e9riels \/ Formation r\u00e9guli\u00e8re des enseignantes (Montessori, CNV, Philo \u00e0 l\u2019\u00e9cole, diff\u00e9renciation p\u00e9dagogique&#8230;)<\/p>\n\n\n\n<p><br><strong><mark style=\"background-color:rgba(0, 0, 0, 0)\" class=\"has-inline-color has-vivid-purple-color\">Un cadre pratique\u00a0:<\/mark><\/strong><br>Des classes color\u00e9es et am\u00e9nag\u00e9es selon les besoins des enfants \/ cour spacieuse et zones de<br>jeu d\u00e9limit\u00e9es \/ une ambiance comme \u00e0 la maison dans une b\u00e2tisse plus que centenaire\/ une \u00e9cole au c\u0153ur du village.<\/p>\n","protected":false},"excerpt":{"rendered":"<p>L\u2019\u00e9cole Saint-Joseph propose de construire un cadre de vie et d\u2019apprentissage \u00e0 la foisrigoureux et bienveillant bas\u00e9 sur l\u2019exp\u00e9rience du vivre ensemble. Son projet \u00e9ducatif repose sur un cadre \u00e9thique, th\u00e9orique et pratique au travers d\u2019unep\u00e9dagogie traditionnelle et active. Il &hellip; <\/p>\n","protected":false},"author":2,"featured_media":0,"parent":0,"menu_order":0,"comment_status":"closed","ping_status":"closed","template":"","meta":{"footnotes":""},"class_list":["post-1040","page","type-page","status-publish","hentry"],"_links":{"self":[{"href":"https:\/\/ecole-stjoseph-stpons.fr\/index.php?rest_route=\/wp\/v2\/pages\/1040","targetHints":{"allow":["GET"]}}],"collection":[{"href":"https:\/\/ecole-stjoseph-stpons.fr\/index.php?rest_route=\/wp\/v2\/pages"}],"about":[{"href":"https:\/\/ecole-stjoseph-stpons.fr\/index.php?rest_route=\/wp\/v2\/types\/page"}],"author":[{"embeddable":true,"href":"https:\/\/ecole-stjoseph-stpons.fr\/index.php?rest_route=\/wp\/v2\/users\/2"}],"replies":[{"embeddable":true,"href":"https:\/\/ecole-stjoseph-stpons.fr\/index.php?rest_route=%2Fwp%2Fv2%2Fcomments&post=1040"}],"version-history":[{"count":7,"href":"https:\/\/ecole-stjoseph-stpons.fr\/index.php?rest_route=\/wp\/v2\/pages\/1040\/revisions"}],"predecessor-version":[{"id":1289,"href":"https:\/\/ecole-stjoseph-stpons.fr\/index.php?rest_route=\/wp\/v2\/pages\/1040\/revisions\/1289"}],"wp:attachment":[{"href":"https:\/\/ecole-stjoseph-stpons.fr\/index.php?rest_route=%2Fwp%2Fv2%2Fmedia&parent=1040"}],"curies":[{"name":"wp","href":"https:\/\/api.w.org\/{rel}","templated":true}]}}