{"id":1059,"date":"2024-02-26T17:52:30","date_gmt":"2024-02-26T17:52:30","guid":{"rendered":"https:\/\/ecole-stjoseph-stpons.fr\/?page_id=1059"},"modified":"2026-03-30T17:01:05","modified_gmt":"2026-03-30T17:01:05","slug":"modalites-dinscriptions","status":"publish","type":"page","link":"https:\/\/ecole-stjoseph-stpons.fr\/?page_id=1059","title":{"rendered":"Modalit\u00e9s d\u2019inscriptions"},"content":{"rendered":"\n<p><strong>1<\/strong> &#8211; <strong>Prise de contact :<\/strong><br>Afin d\u2019inscrire votre enfant \u00e0 l\u2019\u00e9cole Saint-Joseph, nous vous conseillons au pr\u00e9alable de prendre un rendez-vous avec la directrice:<br><br>&#x1f4e7; : ecole.stjoseph34220@orange.fr<br>&#x260e; : 04-67-97-10-76<br><br>Au cours de cet entretien, les informations principales sur l\u2019\u00e9cole seront donn\u00e9es\u00a0: son fonctionnement, le projet p\u00e9dagogique et les valeurs transmises.<\/p>\n\n\n\n<p><br><strong>2 &#8211; La rencontre \/ visite :<\/strong><br>Une visite de l\u2019\u00e9tablissement est alors convenue en pr\u00e9sence de l\u2019enfant suivi d\u2019un entretien pour<br>pr\u00e9senter le fonctionnement et r\u00e9pondre \u00e0 toutes les questions.<\/p>\n\n\n\n<p><br><strong>3 &#8211; L&rsquo;inscription : <\/strong><br>Une fois le temps de r\u00e9flexion \u00e9coul\u00e9 et la d\u00e9cision prise, un dossier d\u2019inscription est remis et une<br>adaptation est propos\u00e9e. L\u2019enfant peut venir passer une journ\u00e9e ou quelques heures dans la classe<br>d\u2019inscription afin de diminuer au maximum tout stress d\u2019anticipation<\/p>\n\n\n\n<p><br><mark style=\"background-color:rgba(0, 0, 0, 0)\" class=\"has-inline-color has-vivid-cyan-blue-color\">Liste des pi\u00e8ces \u00e0 fournir pour le dossier\u00a0:<\/mark><\/p>\n\n\n\n<ul class=\"wp-block-list\">\n<li>Contrat de scolarisation sign\u00e9<\/li>\n\n\n\n<li>Photocopie du livret de famille<\/li>\n\n\n\n<li>Photocopie du carnet de sant\u00e9 (vaccination)<\/li>\n\n\n\n<li>R\u00e8glement par ch\u00e8que des frais de dossier 65\u20ac (non remboursable en cas de d\u00e9sistement)<\/li>\n\n\n\n<li>Fiche individuelle remplie<\/li>\n\n\n\n<li>Attestations d\u2019assurance (responsabilit\u00e9 civile + individuelle accident)<\/li>\n<\/ul>\n","protected":false},"excerpt":{"rendered":"<p>1 &#8211; Prise de contact :Afin d\u2019inscrire votre enfant \u00e0 l\u2019\u00e9cole Saint-Joseph, nous vous conseillons au pr\u00e9alable de prendre un rendez-vous avec la directrice: &#x1f4e7; : ecole.stjoseph34220@orange.fr&#x260e; : 04-67-97-10-76 Au cours de cet entretien, les informations principales sur l\u2019\u00e9cole seront &hellip; <\/p>\n","protected":false},"author":2,"featured_media":0,"parent":0,"menu_order":0,"comment_status":"closed","ping_status":"closed","template":"","meta":{"footnotes":""},"class_list":["post-1059","page","type-page","status-publish","hentry"],"_links":{"self":[{"href":"https:\/\/ecole-stjoseph-stpons.fr\/index.php?rest_route=\/wp\/v2\/pages\/1059","targetHints":{"allow":["GET"]}}],"collection":[{"href":"https:\/\/ecole-stjoseph-stpons.fr\/index.php?rest_route=\/wp\/v2\/pages"}],"about":[{"href":"https:\/\/ecole-stjoseph-stpons.fr\/index.php?rest_route=\/wp\/v2\/types\/page"}],"author":[{"embeddable":true,"href":"https:\/\/ecole-stjoseph-stpons.fr\/index.php?rest_route=\/wp\/v2\/users\/2"}],"replies":[{"embeddable":true,"href":"https:\/\/ecole-stjoseph-stpons.fr\/index.php?rest_route=%2Fwp%2Fv2%2Fcomments&post=1059"}],"version-history":[{"count":3,"href":"https:\/\/ecole-stjoseph-stpons.fr\/index.php?rest_route=\/wp\/v2\/pages\/1059\/revisions"}],"predecessor-version":[{"id":1303,"href":"https:\/\/ecole-stjoseph-stpons.fr\/index.php?rest_route=\/wp\/v2\/pages\/1059\/revisions\/1303"}],"wp:attachment":[{"href":"https:\/\/ecole-stjoseph-stpons.fr\/index.php?rest_route=%2Fwp%2Fv2%2Fmedia&parent=1059"}],"curies":[{"name":"wp","href":"https:\/\/api.w.org\/{rel}","templated":true}]}}